{"id":1454,"date":"2024-02-09T11:15:43","date_gmt":"2024-02-09T10:15:43","guid":{"rendered":"https:\/\/amoinvitar.com\/store\/?post_type=product&#038;p=1454"},"modified":"2026-02-12T11:03:20","modified_gmt":"2026-02-12T10:03:20","slug":"tarjeta-de-agradecimiento","status":"publish","type":"product","link":"https:\/\/amoinvitar.com\/store\/producto\/tarjeta-de-agradecimiento\/","title":{"rendered":"Tarjeta de agradecimiento para boda"},"content":{"rendered":"<h4>Caracter\u00edsticas principales<\/h4>\n<p class=\"\">Nuestra\u00a0<strong>Tarjeta de Agradecimiento<\/strong>\u00a0es la mejor forma de dar las gracias a todos los invitados que participaron del casamiento, de una forma pr\u00e1ctica y elegante. Incluye una tarjeta con los nombres y una frase personalizable, que se puede enviar f\u00e1cilmente por Whatsapp, email, o por donde prefieras y se puede combinar con todos los modelos de\u00a0<strong>Invitaciones Web interactivas<\/strong>\u00a0que tenemos.<\/p>\n<p class=\"\"><span style=\"color: #339966\"><strong>Podr\u00e1s elegir al momento de realizar la compra, la opci\u00f3n de dise\u00f1os de cat\u00e1logo (hay varios modelos que podr\u00e1s elegir luego de la compra) o la opci\u00f3n de dise\u00f1o personalizado, para que dise\u00f1emos una tarjeta que mejor refleje tu estilo.<\/strong><\/span><\/p>\n<p class=\"\"><strong>La tarjeta de agradecimiento incluye:<\/strong><\/p>\n<ul class=\"list-unstyled text-small mb-4\">\n<li>Tarjeta con los nombres<\/li>\n<li>P\u00e1rrafo personalizado<\/li>\n<li>\u00a1Sin l\u00edmite o cantidad de invitados!<\/li>\n<\/ul>\n<p><img decoding=\"async\" src=\"https:\/\/amoinvitar.com\/img\/google-translate.png\" alt=\"translate\" width=\"50\" height=\"50\" title=\"\"><br \/>\nConsultar por la opci\u00f3n multilenguaje (la invitaci\u00f3n con versi\u00f3n en 2 o m\u00e1s idiomas)<\/p>\n<p>\u00a0<\/p>\n<p><a class=\"button\" href=\"https:\/\/wa.me\/message\/57HQCKAMGELDG1\" rel=\"noopener\">CONTACTANOS Y TE ASESORAMOS<\/a><\/p>\n<p>\u00a0<\/p>\n<hr \/>\n<h2>Preguntas frecuentes<\/h2>\n<h3 style=\"color: #70ac98\">\u00bfC\u00f3mo contrato la invitaci\u00f3n?<\/h3>\n<p>Es muy f\u00e1cil: 1) eliges el modelo, realizas la compra online y te enviaremos el acceso al panel de administraci\u00f3n. 2) Nos env\u00edas los datos y fotos desde nuestro panel, para que dise\u00f1emos la invitaci\u00f3n. 3) Podr\u00e1s compartir el link de la invitaci\u00f3n con todas las personas que quieras que asistan al evento con solo un clic.<\/p>\n<h3 style=\"color: #70ac98\">\u00bfCu\u00e1l es la diferencia entre la Invitaci\u00f3n Web y el Save The Date?<\/h3>\n<p>La Invitaci\u00f3n Web es un sitio online con el mismo fin que una invitaci\u00f3n tradicional en papel, pero con funciones ampliadas, donde el invitado podr\u00e1 confirmar su asistencia online con un clic, agendar la fecha, ver las indicaciones en Maps y mucho m\u00e1s. Por otro lado, el Save The Date, es un adelanto para anunciar a los invitados el evento, para que vayan agendando la fecha, previo a la invitaci\u00f3n formal. Tambi\u00e9n se puede usar para recordar a los invitados la fecha unos d\u00edas previos al evento y con nuestra opci\u00f3n Web, podr\u00e1s tener un Save The Date interactivo.<\/p>\n<h3 style=\"color: #70ac98\">\u00bfSe pueden personalizar a\u00fan m\u00e1s?<\/h3>\n<p>Si, puedes optar por quitar secciones que no vas a usar y no tiene costo adicional. Tambi\u00e9n puedes agregar secciones que est\u00e9n en otros modelos, e incluso podemos dise\u00f1arte un modelo a medida con los colores, tipograf\u00eda y m\u00f3dulos que se adapten mejor a tus gustos. Algunas modificaciones no tienen costo, otras si tienen costo adicional. Te invitamos a consultarnos.<\/p>\n<h3 style=\"color: #70ac98\">\u00bfC\u00f3mo les env\u00edo las fotos y textos para personalizar?<\/h3>\n<p>Con la invitaci\u00f3n web vas a recibir un panel de administraci\u00f3n donde vas a poder completar los datos y enviarnos las fotos y videos para que podamos dise\u00f1ar y personalizar tu invitaci\u00f3n. Tambi\u00e9n desde el panel vas a poder enviar la invitaci\u00f3n con el bot\u00f3n para compartir o copiar el link.<\/p>\n<h3 style=\"color: #70ac98\">\u00bfEl link de la invitaci\u00f3n web lleva mi nombre?<\/h3>\n<p>Si, el link de la Invitaci\u00f3n Web o el Save The Date Web se personaliza con tu nombre o el nombre de la pareja y se ver\u00e1 as\u00ed: <strong>amoinvitar.com\/tunombre<\/strong>.<\/p>\n<h3 style=\"color: #70ac98\">\u00bfC\u00f3mo me entero qui\u00e9n confirm\u00f3 asistencia o respondi\u00f3 a las preferencias?<\/h3>\n<p>En el panel de administraci\u00f3n incluido vas a poder acceder a la lista de invitados que respondieron a la invitaci\u00f3n, la lista de canciones sugeridas, las opciones que hayan respondido, etc. Podr\u00e1s ver los datos online o descargar la lista definitiva de invitados en Excel.<\/p>\n<h3 style=\"color: #70ac98\">\u00bfEn cu\u00e1nto tiempo est\u00e1 lista la invitaci\u00f3n?<\/h3>\n<p>La personalizaci\u00f3n y puesta online de la invitaci\u00f3n web demora de 1 a 2 d\u00edas h\u00e1biles desde el momento que nos env\u00edas la totalidad de los archivos y textos personalizados. Si solicitas modificaciones o agregas secciones no incluidas en el modelo, puede demorar un poco m\u00e1s en estar lista. Para creaci\u00f3n de una invitaci\u00f3n con dise\u00f1o, colores y secciones \u00aba medida\u00bb, la demora en la puesta online se puede extender de 7 a 10 d\u00edas h\u00e1biles.<\/p>\n<h3 style=\"color: #70ac98\">\u00bfHay un l\u00edmite de invitados?<\/h3>\n<p>En absoluto, podr\u00e1s enviar la invitaci\u00f3n a todos los invitados que gustes, ya que ninguna de nuestras invitaciones tiene l\u00edmites o cantidad de invitados.<\/p>\n<h3 style=\"color: #70ac98\">A\u00fan me faltan algunos datos del evento \u00bfpuedo comprarla igual?<\/h3>\n<p>\u00a1Claro! puedes comprar la invitaci\u00f3n ahora y nos env\u00edas los datos cuando ya tengas todo confirmado. Cont\u00e1ctanos y te asesoramos.<\/p>\n<p>\u00a0<\/p>\n<hr \/>\n<p>\u00a0<\/p>\n","protected":false},"excerpt":{"rendered":"<p>Caracter\u00edsticas principales Nuestra\u00a0Tarjeta de Agradecimiento\u00a0es la mejor forma de dar las gracias a todos los invitados que participaron del casamiento, de una forma pr\u00e1ctica y elegante. Incluye una tarjeta con los nombres y una frase personalizable, que se puede enviar f\u00e1cilmente por Whatsapp, email, o por donde prefieras y se puede combinar con todos los [&hellip;]<\/p>\n","protected":false},"featured_media":1322,"template":"","meta":{"_uag_custom_page_level_css":"","site-sidebar-layout":"default","site-content-layout":"default","ast-site-content-layout":"default","site-content-style":"default","site-sidebar-style":"default","ast-global-header-display":"","ast-banner-title-visibility":"","ast-main-header-display":"","ast-hfb-above-header-display":"","ast-hfb-below-header-display":"","ast-hfb-mobile-header-display":"","site-post-title":"","ast-breadcrumbs-content":"","ast-featured-img":"","footer-sml-layout":"","ast-disable-related-posts":"","theme-transparent-header-meta":"default","adv-header-id-meta":"","stick-header-meta":"default","header-above-stick-meta":"","header-main-stick-meta":"","header-below-stick-meta":"","astra-migrate-meta-layouts":"set","ast-page-background-enabled":"default","ast-page-background-meta":{"desktop":{"background-color":"","background-image":"","background-repeat":"repeat","background-position":"center center","background-size":"auto","background-attachment":"scroll","background-type":"","background-media":"","overlay-type":"","overlay-color":"","overlay-opacity":"","overlay-gradient":""},"tablet":{"background-color":"","background-image":"","background-repeat":"repeat","background-position":"center center","background-size":"auto","background-attachment":"scroll","background-type":"","background-media":"","overlay-type":"","overlay-color":"","overlay-opacity":"","overlay-gradient":""},"mobile":{"background-color":"","background-image":"","background-repeat":"repeat","background-position":"center center","background-size":"auto","background-attachment":"scroll","background-type":"","background-media":"","overlay-type":"","overlay-color":"","overlay-opacity":"","overlay-gradient":""}},"ast-content-background-meta":{"desktop":{"background-color":"var(--ast-global-color-5)","background-image":"","background-repeat":"repeat","background-position":"center center","background-size":"auto","background-attachment":"scroll","background-type":"","background-media":"","overlay-type":"","overlay-color":"","overlay-opacity":"","overlay-gradient":""},"tablet":{"background-color":"var(--ast-global-color-5)","background-image":"","background-repeat":"repeat","background-position":"center center","background-size":"auto","background-attachment":"scroll","background-type":"","background-media":"","overlay-type":"","overlay-color":"","overlay-opacity":"","overlay-gradient":""},"mobile":{"background-color":"var(--ast-global-color-5)","background-image":"","background-repeat":"repeat","background-position":"center center","background-size":"auto","background-attachment":"scroll","background-type":"","background-media":"","overlay-type":"","overlay-color":"","overlay-opacity":"","overlay-gradient":""}}},"product_brand":[69],"product_cat":[23],"product_tag":[26,27,31,25,30,33,34,29,90,32,28],"class_list":{"0":"post-1454","1":"product","2":"type-product","3":"status-publish","4":"has-post-thumbnail","6":"product_brand-amo-invitar","7":"product_cat-save-the-date-para-bodas","8":"product_tag-boda","9":"product_tag-casamiento","10":"product_tag-civil","11":"product_tag-invitacion-web","12":"product_tag-invitation","13":"product_tag-novia","14":"product_tag-novios","15":"product_tag-save-the-date","16":"product_tag-save-the-date-personalizado","17":"product_tag-tarjeta","18":"product_tag-wedding","19":"desktop-align-left","20":"tablet-align-left","21":"mobile-align-left","22":"ast-product-gallery-layout-horizontal-slider","23":"ast-product-tabs-layout-horizontal","25":"first","26":"instock","27":"featured","28":"virtual","29":"purchasable","30":"product-type-simple"},"exclude_global_add_ons":true,"addons":[{"name":"Estilo","type":"multiple_choice","position":0,"required":true,"title_format":"label","default":"","description_enable":false,"description":"","placeholder_enable":false,"placeholder":"","display":"radiobutton","restrictions_type":"any_text","adjust_price":false,"price":"","price_type":"flat_fee","restrictions":false,"min":"0","max":"0","options":[{"label":"Dise\u00f1os de cat\u00e1logo","price":"0","price_type":"percentage_based","image":0,"visibility":true},{"label":"Dise\u00f1o personalizado","price":"200","price_type":"percentage_based","image":0,"visibility":true}],"id":1770888562}],"uagb_featured_image_src":{"full":["https:\/\/amoinvitar.com\/store\/wp-content\/uploads\/2019\/01\/banner-std-tarjeta-gracias1.jpg",1500,1000,false],"thumbnail":["https:\/\/amoinvitar.com\/store\/wp-content\/uploads\/2019\/01\/banner-std-tarjeta-gracias1-150x150.jpg",150,150,true],"medium":["https:\/\/amoinvitar.com\/store\/wp-content\/uploads\/2019\/01\/banner-std-tarjeta-gracias1-300x200.jpg",300,200,true],"medium_large":["https:\/\/amoinvitar.com\/store\/wp-content\/uploads\/2019\/01\/banner-std-tarjeta-gracias1-768x512.jpg",768,512,true],"large":["https:\/\/amoinvitar.com\/store\/wp-content\/uploads\/2019\/01\/banner-std-tarjeta-gracias1-1024x683.jpg",1024,683,true],"1536x1536":["https:\/\/amoinvitar.com\/store\/wp-content\/uploads\/2019\/01\/banner-std-tarjeta-gracias1.jpg",1500,1000,false],"2048x2048":["https:\/\/amoinvitar.com\/store\/wp-content\/uploads\/2019\/01\/banner-std-tarjeta-gracias1.jpg",1500,1000,false],"woocommerce_thumbnail":["https:\/\/amoinvitar.com\/store\/wp-content\/uploads\/2019\/01\/banner-std-tarjeta-gracias1-300x225.jpg",300,225,true],"woocommerce_single":["https:\/\/amoinvitar.com\/store\/wp-content\/uploads\/2019\/01\/banner-std-tarjeta-gracias1-600x400.jpg",600,400,true],"woocommerce_gallery_thumbnail":["https:\/\/amoinvitar.com\/store\/wp-content\/uploads\/2019\/01\/banner-std-tarjeta-gracias1-100x100.jpg",100,100,true]},"uagb_author_info":{"display_name":"hernansnow","author_link":"https:\/\/amoinvitar.com\/store\/author\/"},"uagb_comment_info":0,"uagb_excerpt":"Caracter\u00edsticas principales Nuestra\u00a0Tarjeta de Agradecimiento\u00a0es la mejor forma de dar las gracias a todos los invitados que participaron del casamiento, de una forma pr\u00e1ctica y elegante. Incluye una tarjeta con los nombres y una frase personalizable, que se puede enviar f\u00e1cilmente por Whatsapp, email, o por donde prefieras y se puede combinar con todos los&hellip;","_links":{"self":[{"href":"https:\/\/amoinvitar.com\/store\/wp-json\/wp\/v2\/product\/1454","targetHints":{"allow":["GET"]}}],"collection":[{"href":"https:\/\/amoinvitar.com\/store\/wp-json\/wp\/v2\/product"}],"about":[{"href":"https:\/\/amoinvitar.com\/store\/wp-json\/wp\/v2\/types\/product"}],"wp:featuredmedia":[{"embeddable":true,"href":"https:\/\/amoinvitar.com\/store\/wp-json\/wp\/v2\/media\/1322"}],"wp:attachment":[{"href":"https:\/\/amoinvitar.com\/store\/wp-json\/wp\/v2\/media?parent=1454"}],"wp:term":[{"taxonomy":"product_brand","embeddable":true,"href":"https:\/\/amoinvitar.com\/store\/wp-json\/wp\/v2\/product_brand?post=1454"},{"taxonomy":"product_cat","embeddable":true,"href":"https:\/\/amoinvitar.com\/store\/wp-json\/wp\/v2\/product_cat?post=1454"},{"taxonomy":"product_tag","embeddable":true,"href":"https:\/\/amoinvitar.com\/store\/wp-json\/wp\/v2\/product_tag?post=1454"}],"curies":[{"name":"wp","href":"https:\/\/api.w.org\/{rel}","templated":true}]}}