{"id":2895,"date":"2025-07-29T10:44:12","date_gmt":"2025-07-29T08:44:12","guid":{"rendered":"https:\/\/amoinvitar.com\/store\/?post_type=product&#038;p=2895"},"modified":"2026-02-12T09:15:05","modified_gmt":"2026-02-12T08:15:05","slug":"save-the-date-video-para-15","status":"publish","type":"product","link":"https:\/\/amoinvitar.com\/store\/producto\/save-the-date-video-para-15\/","title":{"rendered":"Save The Date Video para 15 a\u00f1os"},"content":{"rendered":"<h4>Caracter\u00edsticas principales<\/h4>\n<p>Nuestro Save the Date Video es un adelanto para anunciar la fiesta, con un toque muy especial y divertido para sorprender a los invitados y para que vayan agendando la fecha. Se puede enviar f\u00e1cilmente por Whatsapp, email, compartir por las redes o por donde prefieras. Tenemos varios estilos disponibles:<\/p>\n<p><iframe src=\"https:\/\/amoinvitar.com\/ar\/store\/15\/save-the-date-video-demo\" width=\"100%\" height=\"1500\"><span data-mce-type=\"bookmark\" style=\"display: inline-block; width: 0px; overflow: hidden; line-height: 0;\" class=\"mce_SELRES_start\">\ufeff<\/span><span data-mce-type=\"bookmark\" style=\"display: inline-block; width: 0px; overflow: hidden; line-height: 0;\" class=\"mce_SELRES_start\">\ufeff<\/span><span data-mce-type=\"bookmark\" style=\"display: inline-block; width: 0px; overflow: hidden; line-height: 0;\" class=\"mce_SELRES_start\">\ufeff<\/span><\/iframe><\/p>\n<hr \/>\n<p><a class=\"button\" href=\"https:\/\/wa.me\/message\/57HQCKAMGELDG1\" rel=\"noopener\">CONTACTANOS Y TE ASESORAMOS<\/a><\/p>\n","protected":false},"excerpt":{"rendered":"<p>Caracter\u00edsticas principales Nuestro Save the Date Video es un adelanto para anunciar la fiesta, con un toque muy especial y divertido para sorprender a los invitados y para que vayan agendando la fecha. Se puede enviar f\u00e1cilmente por Whatsapp, email, compartir por las redes o por donde prefieras. Tenemos varios estilos disponibles: \ufeff\ufeff\ufeff CONTACTANOS Y [&hellip;]<\/p>\n","protected":false},"featured_media":2893,"template":"","meta":{"_uag_custom_page_level_css":"","site-sidebar-layout":"default","site-content-layout":"default","ast-site-content-layout":"default","site-content-style":"default","site-sidebar-style":"default","ast-global-header-display":"","ast-banner-title-visibility":"","ast-main-header-display":"","ast-hfb-above-header-display":"","ast-hfb-below-header-display":"","ast-hfb-mobile-header-display":"","site-post-title":"","ast-breadcrumbs-content":"","ast-featured-img":"","footer-sml-layout":"","ast-disable-related-posts":"","theme-transparent-header-meta":"default","adv-header-id-meta":"","stick-header-meta":"default","header-above-stick-meta":"","header-main-stick-meta":"","header-below-stick-meta":"","astra-migrate-meta-layouts":"set","ast-page-background-enabled":"default","ast-page-background-meta":{"desktop":{"background-color":"","background-image":"","background-repeat":"repeat","background-position":"center center","background-size":"auto","background-attachment":"scroll","background-type":"","background-media":"","overlay-type":"","overlay-color":"","overlay-opacity":"","overlay-gradient":""},"tablet":{"background-color":"","background-image":"","background-repeat":"repeat","background-position":"center center","background-size":"auto","background-attachment":"scroll","background-type":"","background-media":"","overlay-type":"","overlay-color":"","overlay-opacity":"","overlay-gradient":""},"mobile":{"background-color":"","background-image":"","background-repeat":"repeat","background-position":"center center","background-size":"auto","background-attachment":"scroll","background-type":"","background-media":"","overlay-type":"","overlay-color":"","overlay-opacity":"","overlay-gradient":""}},"ast-content-background-meta":{"desktop":{"background-color":"var(--ast-global-color-5)","background-image":"","background-repeat":"repeat","background-position":"center center","background-size":"auto","background-attachment":"scroll","background-type":"","background-media":"","overlay-type":"","overlay-color":"","overlay-opacity":"","overlay-gradient":""},"tablet":{"background-color":"var(--ast-global-color-5)","background-image":"","background-repeat":"repeat","background-position":"center center","background-size":"auto","background-attachment":"scroll","background-type":"","background-media":"","overlay-type":"","overlay-color":"","overlay-opacity":"","overlay-gradient":""},"mobile":{"background-color":"var(--ast-global-color-5)","background-image":"","background-repeat":"repeat","background-position":"center center","background-size":"auto","background-attachment":"scroll","background-type":"","background-media":"","overlay-type":"","overlay-color":"","overlay-opacity":"","overlay-gradient":""}}},"product_brand":[69],"product_cat":[117],"product_tag":[26,27,31,25,30,33,34,29,100,32,28],"class_list":{"0":"post-2895","1":"product","2":"type-product","3":"status-publish","4":"has-post-thumbnail","6":"product_brand-amo-invitar","7":"product_cat-save-the-date-video-para-15-anos","8":"product_tag-boda","9":"product_tag-casamiento","10":"product_tag-civil","11":"product_tag-invitacion-web","12":"product_tag-invitation","13":"product_tag-novia","14":"product_tag-novios","15":"product_tag-save-the-date","16":"product_tag-save-the-date-video","17":"product_tag-tarjeta","18":"product_tag-wedding","19":"desktop-align-left","20":"tablet-align-left","21":"mobile-align-left","22":"ast-product-gallery-layout-horizontal-slider","23":"ast-product-gallery-with-no-image","24":"ast-product-tabs-layout-horizontal","26":"first","27":"instock","28":"sale","29":"virtual","30":"purchasable","31":"product-type-simple"},"exclude_global_add_ons":false,"addons":[{"name":"Estilo","type":"multiple_choice","position":0,"required":true,"title_format":"label","default":"","description_enable":false,"description":"","placeholder_enable":false,"placeholder":"","display":"radiobutton","restrictions_type":"any_text","adjust_price":false,"price":"","price_type":"flat_fee","restrictions":false,"min":"0","max":"0","options":[{"label":"Dise\u00f1os de cat\u00e1logo","price":"0","price_type":"percentage_based","image":0,"visibility":true},{"label":"Dise\u00f1o personalizado","price":"200","price_type":"percentage_based","image":0,"visibility":true}],"id":1770809497},{"name":"Opci\u00f3n","type":"multiple_choice","position":0,"required":true,"title_format":"hide","default":"","description_enable":false,"description":"","placeholder_enable":false,"placeholder":"","display":"radiobutton","restrictions_type":"any_text","adjust_price":false,"price":"","price_type":"flat_fee","restrictions":false,"min":"0","max":"0","options":[{"label":"Estilo Floral","price":"0","price_type":"percentage_based","image":0,"visibility":true},{"label":"Estilo Elegance","price":"25","price_type":"percentage_based","image":0,"visibility":true}],"id":1770805499},{"name":"Selecciona la cantidad de invitaciones que necesites","type":"multiple_choice","position":0,"required":true,"title_format":"label","default":"","description_enable":false,"description":"","placeholder_enable":false,"placeholder":"","display":"select","restrictions_type":"any_text","adjust_price":false,"price":"","price_type":"flat_fee","restrictions":false,"min":"0","max":"0","options":[{"label":"hasta 50","price":"0","price_type":"percentage_based","image":0,"visibility":true},{"label":"hasta 100","price":"90","price_type":"percentage_based","image":0,"visibility":true},{"label":"hasta 150","price":"190","price_type":"percentage_based","image":0,"visibility":true},{"label":"hasta 200","price":"290","price_type":"percentage_based","image":0,"visibility":true},{"label":"hasta 250","price":"390","price_type":"percentage_based","image":0,"visibility":true},{"label":"hasta 300","price":"490","price_type":"percentage_based","image":0,"visibility":true}],"id":1770805369},{"name":"Tipo de invitaci\u00f3n","type":"multiple_choice","position":0,"required":true,"title_format":"label","default":"","description_enable":false,"description":"Disponible en opci\u00f3n Deluxe, Premium y Classic.","placeholder_enable":false,"placeholder":"","display":"select","restrictions_type":"any_text","adjust_price":false,"price":"","price_type":"flat_fee","restrictions":false,"min":"0","max":"0","options":[{"label":"PREMIUM","price":"0","price_type":"percentage_based","image":0,"visibility":true},{"label":"DELUXE","price":"20","price_type":"percentage_based","image":0,"visibility":true}],"id":1770804417}],"uagb_featured_image_src":{"full":["https:\/\/amoinvitar.com\/store\/wp-content\/uploads\/2025\/07\/banner-std-video-15-store.jpg",1800,1200,false],"thumbnail":["https:\/\/amoinvitar.com\/store\/wp-content\/uploads\/2025\/07\/banner-std-video-15-store-150x150.jpg",150,150,true],"medium":["https:\/\/amoinvitar.com\/store\/wp-content\/uploads\/2025\/07\/banner-std-video-15-store-300x200.jpg",300,200,true],"medium_large":["https:\/\/amoinvitar.com\/store\/wp-content\/uploads\/2025\/07\/banner-std-video-15-store-768x512.jpg",768,512,true],"large":["https:\/\/amoinvitar.com\/store\/wp-content\/uploads\/2025\/07\/banner-std-video-15-store-1024x683.jpg",1024,683,true],"1536x1536":["https:\/\/amoinvitar.com\/store\/wp-content\/uploads\/2025\/07\/banner-std-video-15-store-1536x1024.jpg",1536,1024,true],"2048x2048":["https:\/\/amoinvitar.com\/store\/wp-content\/uploads\/2025\/07\/banner-std-video-15-store.jpg",1800,1200,false],"woocommerce_thumbnail":["https:\/\/amoinvitar.com\/store\/wp-content\/uploads\/2025\/07\/banner-std-video-15-store-300x225.jpg",300,225,true],"woocommerce_single":["https:\/\/amoinvitar.com\/store\/wp-content\/uploads\/2025\/07\/banner-std-video-15-store-600x400.jpg",600,400,true],"woocommerce_gallery_thumbnail":["https:\/\/amoinvitar.com\/store\/wp-content\/uploads\/2025\/07\/banner-std-video-15-store-100x100.jpg",100,100,true]},"uagb_author_info":{"display_name":"hernansnow","author_link":"https:\/\/amoinvitar.com\/store\/author\/"},"uagb_comment_info":0,"uagb_excerpt":"Caracter\u00edsticas principales Nuestro Save the Date Video es un adelanto para anunciar la fiesta, con un toque muy especial y divertido para sorprender a los invitados y para que vayan agendando la fecha. Se puede enviar f\u00e1cilmente por Whatsapp, email, compartir por las redes o por donde prefieras. Tenemos varios estilos disponibles: \ufeff\ufeff\ufeff CONTACTANOS Y&hellip;","_links":{"self":[{"href":"https:\/\/amoinvitar.com\/store\/wp-json\/wp\/v2\/product\/2895","targetHints":{"allow":["GET"]}}],"collection":[{"href":"https:\/\/amoinvitar.com\/store\/wp-json\/wp\/v2\/product"}],"about":[{"href":"https:\/\/amoinvitar.com\/store\/wp-json\/wp\/v2\/types\/product"}],"wp:featuredmedia":[{"embeddable":true,"href":"https:\/\/amoinvitar.com\/store\/wp-json\/wp\/v2\/media\/2893"}],"wp:attachment":[{"href":"https:\/\/amoinvitar.com\/store\/wp-json\/wp\/v2\/media?parent=2895"}],"wp:term":[{"taxonomy":"product_brand","embeddable":true,"href":"https:\/\/amoinvitar.com\/store\/wp-json\/wp\/v2\/product_brand?post=2895"},{"taxonomy":"product_cat","embeddable":true,"href":"https:\/\/amoinvitar.com\/store\/wp-json\/wp\/v2\/product_cat?post=2895"},{"taxonomy":"product_tag","embeddable":true,"href":"https:\/\/amoinvitar.com\/store\/wp-json\/wp\/v2\/product_tag?post=2895"}],"curies":[{"name":"wp","href":"https:\/\/api.w.org\/{rel}","templated":true}]}}