{"id":1458,"date":"2024-02-09T11:53:39","date_gmt":"2024-02-09T10:53:39","guid":{"rendered":"https:\/\/amoinvitar.com\/store\/?post_type=product&#038;p=1458"},"modified":"2026-02-04T13:24:57","modified_gmt":"2026-02-04T12:24:57","slug":"invitacion-style15","status":"publish","type":"product","link":"https:\/\/amoinvitar.com\/store\/producto\/invitacion-style15\/","title":{"rendered":"Invitaci\u00f3n Digital Style 15 a\u00f1os"},"content":{"rendered":"<h4 style=\"color: #70ac98; margin-bottom: 1px; margin-top: 2px;\"><strong>Vista previa de la invitaci\u00f3n:<\/strong><\/h4>\n<table style=\"border-collapse: collapse; border-style: none; border-spacing: 0px; padding: 0px; max-width: 400px;\">\n<tbody>\n<tr style=\"border-style: none;\">\n<td style=\"border-style: none; border-spacing: 0px; padding: 0px;\"><img decoding=\"async\" style=\"padding: 0px; margin: 0px;\" src=\"https:\/\/amoinvitar.com\/img\/p_style15.jpg\" alt=\"dispositivo\" width=\"70px\" title=\"\"><\/td>\n<td style=\"border-style: none; border-spacing: 0px; padding: 0px;\"><a class=\"button\" style=\"margin: 5px 0px 15px 0px;\" href=\"https:\/\/amoinvitar.com\/demo\/style15\/classic\" target=\"_blank\" rel=\"noopener\">Ver Opci\u00f3n Classic<\/a><br \/>\n<a class=\"button\" style=\"margin: 0px 0px 15px 0px;\" href=\"https:\/\/amoinvitar.com\/demo\/style15\/premium\" target=\"_blank\" rel=\"noopener\">Ver Opci\u00f3n Premium<\/a><br \/>\n<a class=\"button\" style=\"margin: 0px 0px 5px 0px;\" href=\"https:\/\/amoinvitar.com\/demo\/style15\/\" target=\"_blank\" rel=\"noopener\">Ver Opci\u00f3n Deluxe<\/a><\/td>\n<\/tr>\n<\/tbody>\n<\/table>\n<hr \/>\n<h4>Caracter\u00edsticas CLASSIC<\/h4>\n<ul>\n<li style=\"list-style-type: none;\">\n<ul>\n<li>Env\u00edo ilimitado<\/li>\n<li>Portada<\/li>\n<li>Cuenta regresiva<\/li>\n<li>Galer\u00eda de hasta 4 fotos<\/li>\n<li>Agenda digital multiplataforma<\/li>\n<li>Ubicaci\u00f3n, mapa e indicaciones<\/li>\n<li>Confirmaci\u00f3n de asistencia online (RSVP)<\/li>\n<li>C\u00f3digo de vestimenta<\/li>\n<li>Regalos<\/li>\n<li>Panel de administraci\u00f3n (todas las respuestas de los invitados en un solo lugar)<\/li>\n<\/ul>\n<\/li>\n<\/ul>\n<p><a href=\"https:\/\/amoinvitar.com\/opciones\">M\u00e1s info<\/a><\/p>\n<hr \/>\n<h4>Caracter\u00edsticas PREMIUM<\/h4>\n<ul>\n<li style=\"list-style-type: none;\">\n<ul>\n<li>Env\u00edo ilimitado<\/li>\n<li>Portada<\/li>\n<li>M\u00fasica de fondo<\/li>\n<li>Cuenta regresiva<\/li>\n<li>Historia<\/li>\n<li>Galer\u00eda de hasta 8 fotos<\/li>\n<li>Agenda digital multiplataforma<\/li>\n<li>Ubicaci\u00f3n, mapa e indicaciones<\/li>\n<li>Confirmaci\u00f3n de asistencia online (RSVP)<\/li>\n<li>C\u00f3digo de vestimenta<\/li>\n<li>Regalos<\/li>\n<li>Instagram Wall y hashtag<\/li>\n<li>Sugerencia de canciones<\/li>\n<li>Panel de administraci\u00f3n (todas las respuestas de los invitados en un solo lugar)<\/li>\n<li>\u00a1REGALO! Save The Date &#8211; Tarjeta<\/li>\n<\/ul>\n<\/li>\n<\/ul>\n<p><a href=\"https:\/\/amoinvitar.com\/opciones\">M\u00e1s info<\/a><\/p>\n<hr \/>\n<h4>Caracter\u00edsticas DELUXE<\/h4>\n<ul>\n<li style=\"list-style-type: none;\">\n<ul>\n<li>Env\u00edo ilimitado<\/li>\n<li>Portada<\/li>\n<li>M\u00fasica de fondo<\/li>\n<li>Cuenta regresiva<\/li>\n<li>Historia<\/li>\n<li>\u00c1lbum de hasta 12 fotos<\/li>\n<li>Agenda digital multiplataforma<\/li>\n<li>Ubicaci\u00f3n, mapa e indicaciones<\/li>\n<li>Itinerario (l\u00ednea de tiempo)<\/li>\n<li>Confirmaci\u00f3n de asistencia online (RSVP)<\/li>\n<li>C\u00f3digo de vestimenta + sugerencias de estilos<\/li>\n<li>Hoteles<\/li>\n<li>Transporte y servicio de Bus<\/li>\n<li>Opciones de Men\u00fa<\/li>\n<li>Regalos<\/li>\n<li>Instagram Wall y hashtag<\/li>\n<li>Sugerencia de canciones<\/li>\n<li>Playlist de Spotify<\/li>\n<li>Testigos\/padrinos<\/li>\n<li>Redes oficiales del evento<\/li>\n<li>Secci\u00f3n adicional que necesites<\/li>\n<li>Acceso VIP<\/li>\n<li>Panel de administraci\u00f3n (todas las respuestas de los invitados en un solo lugar)<\/li>\n<li>\u00a1REGALO! Save The Date &#8211; Tarjeta<\/li>\n<\/ul>\n<\/li>\n<\/ul>\n<p><a href=\"https:\/\/amoinvitar.com\/opciones\">M\u00e1s info<\/a><\/p>\n<p><img decoding=\"async\" src=\"https:\/\/amoinvitar.com\/img\/google-translate.png\" alt=\"translate\" width=\"45\" height=\"45\" title=\"\"><\/p>\n<h5>Consultar por la opci\u00f3n multilenguaje (la invitaci\u00f3n con versi\u00f3n en 2 o m\u00e1s idiomas)<\/h5>\n<p><img decoding=\"async\" src=\"https:\/\/amoinvitar.com\/img\/responsive.png\" alt=\"responsive-icon\" width=\"45\" height=\"45\" title=\"\"><\/p>\n<h5>Compatible con todos los dispositivos<\/h5>\n<p><a class=\"button\" href=\"https:\/\/wa.me\/message\/57HQCKAMGELDG1\" rel=\"noopener\">CONTACTANOS Y TE ASESORAMOS<\/a><\/p>\n<hr \/>\n<h2>Preguntas frecuentes<\/h2>\n<h3 style=\"color: #70ac98;\">\u00bfC\u00f3mo contrato la invitaci\u00f3n?<\/h3>\n<p>Es muy f\u00e1cil: 1) eliges el modelo, realizas la compra online y te enviaremos el acceso al panel de administraci\u00f3n. 2) Nos env\u00edas los datos y fotos desde nuestro panel, para que dise\u00f1emos la invitaci\u00f3n. 3) Podr\u00e1s compartir el link de la invitaci\u00f3n con todas las personas que quieras que asistan al evento con solo un clic.<\/p>\n<h3 style=\"color: #70ac98;\">\u00bfLos precios son por cantidad de invitados?<\/h3>\n<p>No, los precios son por invitaci\u00f3n, solo pagas el modelo de invitaci\u00f3n que compres una sola vez y luego puedes enviar la invitaci\u00f3n a todos los invitados que necesites y las veces que quieras.<\/p>\n<h3 style=\"color: #70ac98;\">\u00bfCu\u00e1l es la diferencia entre la Invitaci\u00f3n Web y el Save The Date?<\/h3>\n<p>La Invitaci\u00f3n Web es un sitio online con el mismo fin que una invitaci\u00f3n tradicional en papel, pero con funciones ampliadas, donde el invitado podr\u00e1 confirmar su asistencia online con un clic, agendar la fecha, ver las indicaciones en Maps y mucho m\u00e1s. Por otro lado, el Save The Date, es un adelanto para anunciar a los invitados el evento, para que vayan agendando la fecha, previo a la invitaci\u00f3n formal. Tambi\u00e9n se puede usar para recordar a los invitados la fecha unos d\u00edas previos al evento y con nuestra opci\u00f3n Web, podr\u00e1s tener un Save The Date interactivo.<\/p>\n<h3 style=\"color: #70ac98;\">\u00bfSe pueden personalizar a\u00fan m\u00e1s?<\/h3>\n<p>Si, puedes optar por quitar secciones que no vas a usar y no tiene costo adicional. Tambi\u00e9n puedes agregar secciones que est\u00e9n en otros modelos, e incluso podemos dise\u00f1arte un modelo a medida con los colores, tipograf\u00eda y m\u00f3dulos que se adapten mejor a tus gustos. Algunas modificaciones no tienen costo, otras si tienen costo adicional. Te invitamos a consultarnos.<\/p>\n<h3 style=\"color: #70ac98;\">\u00bfC\u00f3mo les env\u00edo las fotos y textos para personalizar?<\/h3>\n<p>Con la invitaci\u00f3n web vas a recibir un panel de administraci\u00f3n donde vas a poder completar los datos y enviarnos las fotos y videos para que podamos dise\u00f1ar y personalizar tu invitaci\u00f3n. Tambi\u00e9n desde el panel vas a poder enviar la invitaci\u00f3n con el bot\u00f3n para compartir o copiar el link.<\/p>\n<h3 style=\"color: #70ac98;\">\u00bfEl link de la invitaci\u00f3n web lleva mi nombre?<\/h3>\n<p>Si, el link de la Invitaci\u00f3n Web o el Save The Date Web se personaliza con tu nombre o el nombre de la pareja y se ver\u00e1 as\u00ed: <strong>amoinvitar.com\/tunombre<\/strong>.<\/p>\n<h3 style=\"color: #70ac98;\">\u00bfC\u00f3mo me entero qui\u00e9n confirm\u00f3 asistencia o respondi\u00f3 a las preferencias?<\/h3>\n<p>En el panel de administraci\u00f3n incluido vas a poder acceder a la lista de invitados que respondieron a la invitaci\u00f3n, la lista de canciones sugeridas, las opciones que hayan respondido, etc. Podr\u00e1s ver los datos online o descargar la lista definitiva de invitados en Excel.<\/p>\n<h3 style=\"color: #70ac98;\">\u00bfEn cu\u00e1nto tiempo est\u00e1 lista la invitaci\u00f3n?<\/h3>\n<p>La personalizaci\u00f3n y puesta online de la invitaci\u00f3n web de cat\u00e1logo, demora de 1 a 2 d\u00edas laborales desde el momento que nos env\u00edas la totalidad de los archivos, textos y datos. Para la creaci\u00f3n de una invitaci\u00f3n con dise\u00f1o, colores, fuentes y secciones \u00aba medida\u00bb o \u00abdesde cero\u00bb, la demora en la puesta online se puede extender de 7 a 10 d\u00edas laborales.<\/p>\n<h3 style=\"color: #70ac98;\">\u00bfHay un l\u00edmite de invitados?<\/h3>\n<p>En absoluto, podr\u00e1s enviar la invitaci\u00f3n a todos los invitados que gustes, ya que ninguna de nuestras invitaciones tiene l\u00edmites o cantidad de invitados.<\/p>\n<h3 style=\"color: #70ac98;\">A\u00fan me faltan algunos datos del evento \u00bfpuedo comprarla igual?<\/h3>\n<p>\u00a1Claro! puedes comprar la invitaci\u00f3n ahora y nos env\u00edas los datos cuando ya tengas todo confirmado. Cont\u00e1ctanos y te asesoramos.<\/p>\n<h3 style=\"color: #70ac98;\">\u00bfCu\u00e1nto tiempo estar\u00e1 online la invitaci\u00f3n?<\/h3>\n<p>El link de la invitaci\u00f3n estar\u00e1 activo y accesible desde que est\u00e9 lista la invitaci\u00f3n, y durante al menos 3 meses posteriores a la fecha del evento.<\/p>\n<hr \/>\n","protected":false},"excerpt":{"rendered":"<p>Vista previa de la invitaci\u00f3n: Ver Opci\u00f3n Classic Ver Opci\u00f3n Premium Ver Opci\u00f3n Deluxe Caracter\u00edsticas CLASSIC Env\u00edo ilimitado Portada Cuenta regresiva Galer\u00eda de hasta 4 fotos Agenda digital multiplataforma Ubicaci\u00f3n, mapa e indicaciones Confirmaci\u00f3n de asistencia online (RSVP) C\u00f3digo de vestimenta Regalos Panel de administraci\u00f3n (todas las respuestas de los invitados en un solo lugar) [&hellip;]<\/p>\n","protected":false},"featured_media":2002,"template":"","meta":{"_uag_custom_page_level_css":"","site-sidebar-layout":"default","site-content-layout":"default","ast-site-content-layout":"default","site-content-style":"default","site-sidebar-style":"default","ast-global-header-display":"","ast-banner-title-visibility":"","ast-main-header-display":"","ast-hfb-above-header-display":"","ast-hfb-below-header-display":"","ast-hfb-mobile-header-display":"","site-post-title":"","ast-breadcrumbs-content":"","ast-featured-img":"","footer-sml-layout":"","ast-disable-related-posts":"","theme-transparent-header-meta":"default","adv-header-id-meta":"","stick-header-meta":"default","header-above-stick-meta":"","header-main-stick-meta":"","header-below-stick-meta":"","astra-migrate-meta-layouts":"set","ast-page-background-enabled":"default","ast-page-background-meta":{"desktop":{"background-color":"","background-image":"","background-repeat":"repeat","background-position":"center center","background-size":"auto","background-attachment":"scroll","background-type":"","background-media":"","overlay-type":"","overlay-color":"","overlay-opacity":"","overlay-gradient":""},"tablet":{"background-color":"","background-image":"","background-repeat":"repeat","background-position":"center center","background-size":"auto","background-attachment":"scroll","background-type":"","background-media":"","overlay-type":"","overlay-color":"","overlay-opacity":"","overlay-gradient":""},"mobile":{"background-color":"","background-image":"","background-repeat":"repeat","background-position":"center center","background-size":"auto","background-attachment":"scroll","background-type":"","background-media":"","overlay-type":"","overlay-color":"","overlay-opacity":"","overlay-gradient":""}},"ast-content-background-meta":{"desktop":{"background-color":"var(--ast-global-color-5)","background-image":"","background-repeat":"repeat","background-position":"center center","background-size":"auto","background-attachment":"scroll","background-type":"","background-media":"","overlay-type":"","overlay-color":"","overlay-opacity":"","overlay-gradient":""},"tablet":{"background-color":"var(--ast-global-color-5)","background-image":"","background-repeat":"repeat","background-position":"center center","background-size":"auto","background-attachment":"scroll","background-type":"","background-media":"","overlay-type":"","overlay-color":"","overlay-opacity":"","overlay-gradient":""},"mobile":{"background-color":"var(--ast-global-color-5)","background-image":"","background-repeat":"repeat","background-position":"center center","background-size":"auto","background-attachment":"scroll","background-type":"","background-media":"","overlay-type":"","overlay-color":"","overlay-opacity":"","overlay-gradient":""}}},"product_brand":[69],"product_cat":[19],"product_tag":[35,38,37,25,30,36,60,29,39,32],"class_list":{"0":"post-1458","1":"product","2":"type-product","3":"status-publish","4":"has-post-thumbnail","6":"product_brand-amo-invitar","7":"product_cat-invitaciones-para-mis-15","8":"product_tag-15-anos","9":"product_tag-dulces-15","10":"product_tag-fiesta-de-15","11":"product_tag-invitacion-web","12":"product_tag-invitation","13":"product_tag-mis-15","14":"product_tag-opciones","15":"product_tag-save-the-date","16":"product_tag-sweet-15","17":"product_tag-tarjeta","18":"desktop-align-left","19":"tablet-align-left","20":"mobile-align-left","21":"ast-product-gallery-layout-horizontal-slider","22":"ast-product-tabs-layout-horizontal","24":"first","25":"instock","26":"sale","27":"featured","28":"virtual","29":"purchasable","30":"product-type-simple"},"exclude_global_add_ons":false,"addons":[{"name":"Estilo","type":"multiple_choice","position":0,"required":true,"title_format":"label","default":"","description_enable":false,"description":"","placeholder_enable":false,"placeholder":"","display":"radiobutton","restrictions_type":"any_text","adjust_price":false,"price":"","price_type":"flat_fee","restrictions":false,"min":"0","max":"0","options":[{"label":"Dise\u00f1os de cat\u00e1logo","price":"0","price_type":"percentage_based","image":0,"visibility":true},{"label":"Dise\u00f1o personalizado","price":"200","price_type":"percentage_based","image":0,"visibility":true}],"id":1770809497},{"name":"Selecciona la cantidad de invitaciones que necesites","type":"multiple_choice","position":0,"required":true,"title_format":"label","default":"","description_enable":false,"description":"","placeholder_enable":false,"placeholder":"","display":"select","restrictions_type":"any_text","adjust_price":false,"price":"","price_type":"flat_fee","restrictions":false,"min":"0","max":"0","options":[{"label":"hasta 50","price":"0","price_type":"percentage_based","image":0,"visibility":true},{"label":"hasta 100","price":"90","price_type":"percentage_based","image":0,"visibility":true},{"label":"hasta 150","price":"190","price_type":"percentage_based","image":0,"visibility":true},{"label":"hasta 200","price":"290","price_type":"percentage_based","image":0,"visibility":true},{"label":"hasta 250","price":"390","price_type":"percentage_based","image":0,"visibility":true},{"label":"hasta 300","price":"490","price_type":"percentage_based","image":0,"visibility":true}],"id":1770805369},{"name":"Tipo de invitaci\u00f3n","type":"multiple_choice","position":0,"required":true,"title_format":"label","default":"","description_enable":false,"description":"Disponible en opci\u00f3n Deluxe, Premium y Classic.","placeholder_enable":false,"placeholder":"","display":"select","restrictions_type":"any_text","adjust_price":false,"price":"","price_type":"flat_fee","restrictions":false,"min":"0","max":"0","options":[{"label":"PREMIUM","price":"0","price_type":"percentage_based","image":0,"visibility":true},{"label":"DELUXE","price":"20","price_type":"percentage_based","image":0,"visibility":true}],"id":1770804417},{"name":"Tipo de invitaci\u00f3n","type":"multiple_choice","position":0,"required":true,"title_format":"label","default":"","description_enable":false,"description":"Disponible en opci\u00f3n Deluxe, Premium y Classic.","placeholder_enable":false,"placeholder":"","display":"select","restrictions_type":"any_text","adjust_price":false,"price":"","price_type":"flat_fee","restrictions":false,"min":"0","max":"0","options":[{"label":"CLASSIC","price":"0","price_type":"percentage_based","image":0,"visibility":true},{"label":"PREMIUM","price":"25","price_type":"percentage_based","image":0,"visibility":true},{"label":"DELUXE","price":"60","price_type":"percentage_based","image":0,"visibility":true}],"id":1770804218},{"name":"Complemento","type":"checkbox","position":1,"required":false,"title_format":"label","default":"","description_enable":false,"description":"Podr\u00e1s elegir la paleta de colores y\/o la tipograf\u00eda que m\u00e1s te guste para este modelo de invitaci\u00f3n","placeholder_enable":false,"placeholder":"","display":"select","restrictions_type":"any_text","adjust_price":false,"price":"","price_type":"flat_fee","restrictions":false,"min":"0","max":"0","options":[{"label":"Cambiar paleta de colores","price":"45","price_type":"percentage_based","image":0,"visibility":true},{"label":"Cambiar tipograf\u00eda","price":"25","price_type":"percentage_based","image":0,"visibility":true}],"id":1770804219}],"uagb_featured_image_src":{"full":["https:\/\/amoinvitar.com\/store\/wp-content\/uploads\/2024\/12\/banner-style15-store.jpg",1800,1200,false],"thumbnail":["https:\/\/amoinvitar.com\/store\/wp-content\/uploads\/2024\/12\/banner-style15-store-150x150.jpg",150,150,true],"medium":["https:\/\/amoinvitar.com\/store\/wp-content\/uploads\/2024\/12\/banner-style15-store-300x200.jpg",300,200,true],"medium_large":["https:\/\/amoinvitar.com\/store\/wp-content\/uploads\/2024\/12\/banner-style15-store-768x512.jpg",768,512,true],"large":["https:\/\/amoinvitar.com\/store\/wp-content\/uploads\/2024\/12\/banner-style15-store-1024x683.jpg",1024,683,true],"1536x1536":["https:\/\/amoinvitar.com\/store\/wp-content\/uploads\/2024\/12\/banner-style15-store-1536x1024.jpg",1536,1024,true],"2048x2048":["https:\/\/amoinvitar.com\/store\/wp-content\/uploads\/2024\/12\/banner-style15-store.jpg",1800,1200,false],"woocommerce_thumbnail":["https:\/\/amoinvitar.com\/store\/wp-content\/uploads\/2024\/12\/banner-style15-store-300x225.jpg",300,225,true],"woocommerce_single":["https:\/\/amoinvitar.com\/store\/wp-content\/uploads\/2024\/12\/banner-style15-store-600x400.jpg",600,400,true],"woocommerce_gallery_thumbnail":["https:\/\/amoinvitar.com\/store\/wp-content\/uploads\/2024\/12\/banner-style15-store-100x100.jpg",100,100,true]},"uagb_author_info":{"display_name":"hernansnow","author_link":"https:\/\/amoinvitar.com\/store\/author\/"},"uagb_comment_info":0,"uagb_excerpt":"Vista previa de la invitaci\u00f3n: Ver Opci\u00f3n Classic Ver Opci\u00f3n Premium Ver Opci\u00f3n Deluxe Caracter\u00edsticas CLASSIC Env\u00edo ilimitado Portada Cuenta regresiva Galer\u00eda de hasta 4 fotos Agenda digital multiplataforma Ubicaci\u00f3n, mapa e indicaciones Confirmaci\u00f3n de asistencia online (RSVP) C\u00f3digo de vestimenta Regalos Panel de administraci\u00f3n (todas las respuestas de los invitados en un solo lugar)&hellip;","_links":{"self":[{"href":"https:\/\/amoinvitar.com\/store\/wp-json\/wp\/v2\/product\/1458","targetHints":{"allow":["GET"]}}],"collection":[{"href":"https:\/\/amoinvitar.com\/store\/wp-json\/wp\/v2\/product"}],"about":[{"href":"https:\/\/amoinvitar.com\/store\/wp-json\/wp\/v2\/types\/product"}],"wp:featuredmedia":[{"embeddable":true,"href":"https:\/\/amoinvitar.com\/store\/wp-json\/wp\/v2\/media\/2002"}],"wp:attachment":[{"href":"https:\/\/amoinvitar.com\/store\/wp-json\/wp\/v2\/media?parent=1458"}],"wp:term":[{"taxonomy":"product_brand","embeddable":true,"href":"https:\/\/amoinvitar.com\/store\/wp-json\/wp\/v2\/product_brand?post=1458"},{"taxonomy":"product_cat","embeddable":true,"href":"https:\/\/amoinvitar.com\/store\/wp-json\/wp\/v2\/product_cat?post=1458"},{"taxonomy":"product_tag","embeddable":true,"href":"https:\/\/amoinvitar.com\/store\/wp-json\/wp\/v2\/product_tag?post=1458"}],"curies":[{"name":"wp","href":"https:\/\/api.w.org\/{rel}","templated":true}]}}